{"id":129,"date":"2014-01-16T20:30:35","date_gmt":"2014-01-16T20:30:35","guid":{"rendered":"http:\/\/rouhiainen.netfinn12.info\/wp\/?page_id=129"},"modified":"2016-02-27T11:09:53","modified_gmt":"2016-02-27T11:09:53","slug":"kohti-nykyaikaa","status":"publish","type":"page","link":"http:\/\/www.rouhiainen.fi\/?page_id=129","title":{"rendered":"Kohti nykyaikaa"},"content":{"rendered":"<p>Sukuselvitykset ovat keskittynyt hyvin pitk\u00e4lle Kaukola-aikojen tutkimiseen viel\u00e4, kun on mahdollista saada ensik\u00e4den tietoa asioista.<\/p>\n<p>Mutta sukuseura pyrkii selvitt\u00e4m\u00e4\u00e4n my\u00f6s evakon j\u00e4lkeisi\u00e4 aikoja mahdollisimman pitk\u00e4lle nykyaikaa kohden.<\/p>\n","protected":false},"excerpt":{"rendered":"<p>Sukuselvitykset ovat keskittynyt hyvin pitk\u00e4lle Kaukola-aikojen tutkimiseen viel\u00e4, kun on mahdollista saada ensik\u00e4den tietoa asioista. Mutta sukuseura pyrkii selvitt\u00e4m\u00e4\u00e4n my\u00f6s evakon j\u00e4lkeisi\u00e4 aikoja mahdollisimman pitk\u00e4lle nykyaikaa kohden.<\/p>\n","protected":false},"author":1,"featured_media":0,"parent":0,"menu_order":0,"comment_status":"closed","ping_status":"open","template":"","meta":[],"_links":{"self":[{"href":"http:\/\/www.rouhiainen.fi\/index.php?rest_route=\/wp\/v2\/pages\/129"}],"collection":[{"href":"http:\/\/www.rouhiainen.fi\/index.php?rest_route=\/wp\/v2\/pages"}],"about":[{"href":"http:\/\/www.rouhiainen.fi\/index.php?rest_route=\/wp\/v2\/types\/page"}],"author":[{"embeddable":true,"href":"http:\/\/www.rouhiainen.fi\/index.php?rest_route=\/wp\/v2\/users\/1"}],"replies":[{"embeddable":true,"href":"http:\/\/www.rouhiainen.fi\/index.php?rest_route=%2Fwp%2Fv2%2Fcomments&post=129"}],"version-history":[{"count":2,"href":"http:\/\/www.rouhiainen.fi\/index.php?rest_route=\/wp\/v2\/pages\/129\/revisions"}],"predecessor-version":[{"id":230,"href":"http:\/\/www.rouhiainen.fi\/index.php?rest_route=\/wp\/v2\/pages\/129\/revisions\/230"}],"wp:attachment":[{"href":"http:\/\/www.rouhiainen.fi\/index.php?rest_route=%2Fwp%2Fv2%2Fmedia&parent=129"}],"curies":[{"name":"wp","href":"https:\/\/api.w.org\/{rel}","templated":true}]}}