{"id":23,"date":"2014-01-16T18:51:47","date_gmt":"2014-01-16T18:51:47","guid":{"rendered":"http:\/\/rouhiainen.netfinn12.info\/wp\/?page_id=23"},"modified":"2016-02-27T11:09:53","modified_gmt":"2016-02-27T11:09:53","slug":"rouhiaisen-sukuseura-ryn-historia","status":"publish","type":"page","link":"http:\/\/www.rouhiainen.fi\/?page_id=23","title":{"rendered":"Rouhiaisen sukuseura ry:n historia"},"content":{"rendered":"<p><center><\/p>\n<h2>1986<\/h2>\n<p><\/center>Kauniina hein\u00e4kuun viikonloppuna 1986 kokoontui 33 Rouhiaisen sukuun kuuluvaa henkil\u00f6\u00e4 Ruoveden Pekkalan kyl\u00e4ss\u00e4 Kauko Rouhiaisen luokse keskustelemaan sukuseuran perustamisesta. Kokouksessa nimettiin toimikunta, joka Veikko Rouhiaisen kokoon kutsumana valmistelisi sukuseuran perustamista sek\u00e4 edelleen kutsuisi kokoon perustavan kokouksen. Karjalan Liitolta hankittuihin mallis\u00e4\u00e4nt\u00f6ihin nojautuen toimikunta luonnosteli ehdotuksen sukuseuran s\u00e4\u00e4nn\u00f6iksi.<\/p>\n<p>Kun eri suunnista ker\u00e4ytyneist\u00e4 tiedoista p\u00e4\u00e4teltiin, ett\u00e4 varhaisin tiedossa oleva oman sukumme Rouhiainen oli ollut nimelt\u00e4\u00e4n Pentti, m\u00e4\u00e4riteltiin s\u00e4\u00e4nt\u00f6ihin, ett\u00e4 sukuseuraan voivat kuulua Kaukolan Pentti Rouhiaisen j\u00e4lkel\u00e4iset ja avioliiton kautta sukuun tulleet. Pentti osattiin tuolloin ajoittaa jonnekin 1700-luvulle, ehk\u00e4 jopa 1600-luvun lopulle.<\/p>\n<hr width=\"50%\" \/>\n<p><center><\/p>\n<h2>1987<\/h2>\n<p><\/center>Perustava kokous oli Tampereen Suomalaisella Klubilla 25.1.1987. Kokous vahvisti sukuseuran s\u00e4\u00e4nn\u00f6t ja perustavan kokouksen p\u00f6yt\u00e4kirjan allekirjoitti 51 sukuseuraan oikeutettua. Sukuseuran kotipaikaksi merkittiin Ruovesi, jonne vanhin (Eskon) sukuhaara oli p\u00e4\u00e4tynyt asumaan sotien j\u00e4lkeen.<\/p>\n<p>S\u00e4\u00e4nt\u00f6m\u00e4\u00e4r\u00e4iset sukukokoukset on pidetty vuosittain Kaukola-juhlien ajankohtaan sovitettuna ja sukujuhlan merkeiss\u00e4 on pyritty kokoontumaan kolmen vuoden v\u00e4lein.<\/p>\n<hr width=\"50%\" \/>\n<p><center><\/p>\n<h2>1988<\/h2>\n<p><\/center>Rouhiaisen sukuseura hyv\u00e4ksyttiin yhdistysrekisteriin 28.2.1988. Ensimm\u00e4inen sukujuhla pidettiin 2.7.1988 Pinsi\u00f6ss\u00e4.<\/p>\n<hr width=\"50%\" \/>\n<p><center><\/p>\n<h2>1989<\/h2>\n<p><\/center>Vuoden 1989 sukukokous pidetiin 2.7.1989 H\u00e4meenkyr\u00f6ss\u00e4, l\u00e4sn\u00e4 oli 24 j\u00e4sent\u00e4. J\u00e4senm\u00e4\u00e4r\u00e4 vuoden 1989 lopussa: 105 aikusj\u00e4sent\u00e4 ja 43 nuorisoj\u00e4sent\u00e4.<\/p>\n<hr width=\"50%\" \/>\n<p><center><\/p>\n<h2>1990<\/h2>\n<p><\/center>Toinen sukujuhla pidettiin 30.6.1990 Ruovedell\u00e4 Kauko-Pohjan nuorisoseuran talolla. Paikalla oli 61 j\u00e4sent\u00e4 ja 14 nuorisoj\u00e4sent\u00e4. Juhla aloitettiin laskemalla kukkalaitteet Ruoveden hautausmaalla lep\u00e4\u00e4vien sukulaisten haudoille. Juhlan yhteydess\u00e4 olevassa sukukokouksessa kokouksen puheenjohtajana toimi Erkki Rouhiainen ja sihteerin\u00e4 Seppo Rouhiainen. Kokous p\u00e4\u00e4tti, ett\u00e4 esimiehen\u00e4 jatkaa Veikko Rouhiainen. Kokouksessa Kaarlo Rouhiainen ja Erkki Rouhiainen kertoivat kokemuksiaan Kaukolassa k\u00e4ynnist\u00e4 ja viisivuotiaat Anni, Hanne ja Emma esittiv\u00e4t kokoukselle lauluja. Ruokailun j\u00e4rjesti Satu Rouhiainen.<\/p>\n<hr width=\"50%\" \/>\n<p><center><\/p>\n<h2>1991<\/h2>\n<p><\/center>Elokuun alussa 1991 sukuseura j\u00e4rjesti sukulaisille mahdollisuuden k\u00e4yd\u00e4 tutustumassa suvun asuttamiin paikkoihin Kaukolassa. Matka tehtiin seuramatkana ja sille osallistui 39 sukulaista. Matkan tuloksena kertyi mielenkiintoista lis\u00e4tietoa paikkojen nykytilasta sek\u00e4 mm. Vuokko Rouhiainen teki matkalla n\u00e4kem\u00e4ns\u00e4 ja kuulemansa perusteella piirrokset Kaukolan Totlammin alueesta ja rakennuksista, jotka oli siirretty muualle.<\/p>\n<hr width=\"50%\" \/>\n<p><center><\/p>\n<h2>1992<\/h2>\n<p><\/center>Seuraavana vuonna eli elokuussa 1992 j\u00e4rjestetty matka Kaukolaan kokosi osallistujia hieman v\u00e4hemm\u00e4n kuin edellisen\u00e4 vuotena.<\/p>\n<hr width=\"50%\" \/>\n<p><center><\/p>\n<h2>1993<\/h2>\n<p><\/center>Kolmas sukujuhla pidettiin Ruovedell\u00e4 2.7.1993.<\/p>\n<hr width=\"50%\" \/>\n<p><center><\/p>\n<h2>1994, 1995<\/h2>\n<p><\/center>Sukuseuran esimiehen\u00e4 toimi vuoteen 1995 saakka Veikko Rouhiainen Tampereelta, jolloin jatkamaan valittiin Tapio Rouhiainen Kangasniemelt\u00e4.<\/p>\n<hr width=\"50%\" \/>\n<p><center><\/p>\n<h2>1996<\/h2>\n<p><\/center>Vuonna 1996 oli kulunut 10 vuotta sukuseuran perustamisesta p\u00e4\u00e4tt\u00e4v\u00e4st\u00e4 kokoontumisesta ja suku kokoontui &#8211; kuten 10 vuotta aikaisemminkin &#8211; Ruovedelle Pekkalan kyl\u00e4\u00e4n Kauko Rouhiaisen luokse. Tosin t\u00e4ll\u00f6in s\u00e4\u00e4 ei suosinut ja talon takapihalle viritetty sadepressu oli tarpeen.<\/p>\n<p>K\u00e4ynnistetty j\u00e4senhankinta tuotti t\u00e4m\u00e4n kymmenen vuoden aikana tulosta siten, ett\u00e4 aikusj\u00e4senten m\u00e4\u00e4r\u00e4 asettui 130-150 j\u00e4senen tasolle, mink\u00e4 lis\u00e4ksi n\u00e4iden alle 18-vuotiaat lapset olivat nuorisoj\u00e4seni\u00e4. Koko j\u00e4senm\u00e4\u00e4r\u00e4 on vaihdellut 160-180 j\u00e4senen tasolla. Sihteerin pit\u00e4m\u00e4ss\u00e4 rekisteriss\u00e4 on ollut vuonna 1996 noin 300 nime\u00e4.<\/p>\n<hr width=\"50%\" \/>\n<p><center><\/p>\n<h2>1997, 1998<\/h2>\n<p><\/center>Kahtena kes\u00e4n\u00e4 kokoonnuttiin kahville Kaukolajuhlissa ja kuunneltiin sihteerin kokoama informaatio.<\/p>\n<hr width=\"50%\" \/>\n<p><center><\/p>\n<h2>1999<\/h2>\n<p><\/center>Vuonna 1999 sukuseura l\u00e4hti risteilem\u00e4\u00e4n, eli sukuseuran kokous pidettiin laivalla Turun saaristossa. Paikalla oli 55 henke\u00e4. Sukuseuran hallitukseen valittiin edelleen esimieheksi Tapio Rouhiainen ja sihteerin t\u00f6it\u00e4 siirtyi tekem\u00e4\u00e4n Vuokko Rouhiainen.<\/p>\n<p>Vuoden 1999 risteilykokouksessa p\u00e4\u00e4tettiin perustaa sukuseuran www-sivut, joita l\u00e4hti ideoimaan Eeva-Kaisa Rouhiainen Jyv\u00e4skyl\u00e4st\u00e4. Jotta toiminta olisi sujuvaa, p\u00e4\u00e4tettiin 1999 perustaa sukuseuran alle erilaisia tiimej\u00e4 hoitamaan k\u00e4yt\u00e4nn\u00f6n asioita. Syntym\u00e4p\u00e4iv\u00e4tiimi, muistotilaisuustiimi, j\u00e4sentietotiimi, taloustiimi, kotisivutiimi, historiatiimi sek\u00e4 sukujuhlatiimi luotsaavat omalta osaltaan sukuseuran toimintaa eteenp\u00e4in.<\/p>\n<p>Sukuseura on pyrkinyt arkistoimaan ja kokoamaan tietoa suvun vaiheista my\u00f6s tulevia sukupolvia varten. Sukuseuran arkistoon on saatu lehtileikkeit\u00e4, kopioita mm. lainhuudatuksista ja perunkirjoituksista, \u00e4\u00e4ninauhoja sek\u00e4 Kalevi Paavilaisen tekem\u00e4 yhteenveto Ohvolasta. My\u00f6s Kalevi Paavilaisen kirjoittama omael\u00e4m\u00e4nkerta Elon Mainingeilla on ollut sukuseuralle hy\u00f6dyksi, onhan kirjan alkuosassa dokumentoitu sukumme vaiheita. Sukuseuralla on ollut mahdollisuus saada k\u00e4ytt\u00f6\u00f6ns\u00e4 ammattilaisten piirt\u00e4mi\u00e4 kuvia Kaukolan aikaisista rakennuksista. Sukukokouksessa 1990 p\u00e4\u00e4tettiin k\u00e4ynnist\u00e4\u00e4 sukutietojen kokoaminen sukulaisille jaettua lomaketta k\u00e4ytt\u00e4en eli koottiin ns. perhetaulut. Perhetaulut on kirjoitettu puhtaaksi ja niit\u00e4 on k\u00e4ytetty hyv\u00e4ksi mm. sukuseuran www-sivujen teossa.<\/p>\n","protected":false},"excerpt":{"rendered":"<p>1986 Kauniina hein\u00e4kuun viikonloppuna 1986 kokoontui 33 Rouhiaisen sukuun kuuluvaa henkil\u00f6\u00e4 Ruoveden Pekkalan kyl\u00e4ss\u00e4 Kauko Rouhiaisen luokse keskustelemaan sukuseuran perustamisesta. Kokouksessa nimettiin toimikunta, joka Veikko Rouhiaisen kokoon kutsumana valmistelisi sukuseuran perustamista sek\u00e4 edelleen kutsuisi kokoon perustavan kokouksen. Karjalan Liitolta hankittuihin mallis\u00e4\u00e4nt\u00f6ihin nojautuen toimikunta luonnosteli ehdotuksen sukuseuran s\u00e4\u00e4nn\u00f6iksi. Kun eri suunnista ker\u00e4ytyneist\u00e4 tiedoista p\u00e4\u00e4teltiin, ett\u00e4 varhaisin<\/p>\n","protected":false},"author":1,"featured_media":0,"parent":0,"menu_order":0,"comment_status":"closed","ping_status":"open","template":"","meta":[],"_links":{"self":[{"href":"http:\/\/www.rouhiainen.fi\/index.php?rest_route=\/wp\/v2\/pages\/23"}],"collection":[{"href":"http:\/\/www.rouhiainen.fi\/index.php?rest_route=\/wp\/v2\/pages"}],"about":[{"href":"http:\/\/www.rouhiainen.fi\/index.php?rest_route=\/wp\/v2\/types\/page"}],"author":[{"embeddable":true,"href":"http:\/\/www.rouhiainen.fi\/index.php?rest_route=\/wp\/v2\/users\/1"}],"replies":[{"embeddable":true,"href":"http:\/\/www.rouhiainen.fi\/index.php?rest_route=%2Fwp%2Fv2%2Fcomments&post=23"}],"version-history":[{"count":1,"href":"http:\/\/www.rouhiainen.fi\/index.php?rest_route=\/wp\/v2\/pages\/23\/revisions"}],"predecessor-version":[{"id":24,"href":"http:\/\/www.rouhiainen.fi\/index.php?rest_route=\/wp\/v2\/pages\/23\/revisions\/24"}],"wp:attachment":[{"href":"http:\/\/www.rouhiainen.fi\/index.php?rest_route=%2Fwp%2Fv2%2Fmedia&parent=23"}],"curies":[{"name":"wp","href":"https:\/\/api.w.org\/{rel}","templated":true}]}}