{"id":233,"date":"2014-01-17T11:17:34","date_gmt":"2014-01-17T11:17:34","guid":{"rendered":"http:\/\/rouhiainen.netfinn12.info\/wp\/?page_id=233"},"modified":"2016-02-27T11:09:53","modified_gmt":"2016-02-27T11:09:53","slug":"kivinen-on-evakkotie","status":"publish","type":"page","link":"http:\/\/www.rouhiainen.fi\/?page_id=233","title":{"rendered":"Kivinen on evakkotie"},"content":{"rendered":"<p>Johdanto<\/p>\n<p>Rouhiaiset joutuivat j\u00e4tt\u00e4m\u00e4\u00e4n Kaukolan maaliskuussa 1940. Osa suvusta palasi takaisin syksyll\u00e4 1941, kun alue oli palautunut suomalaisille jatkosodan hy\u00f6kk\u00e4ysvaiheessa. Uusi l\u00e4ht\u00f6 tuli sitten kes\u00e4kuun 21. p\u00e4iv\u00e4 1944. Viimeiset l\u00e4htij\u00e4t j\u00e4ttiv\u00e4t Kaukolan 21. syyskuuta 1944.<\/p>\n<p>Talvisota ja evakuointi<\/p>\n<p><a href=\"http:\/\/rouhiainen.netfinn12.info\/wp\/wp-content\/uploads\/2014\/01\/evakko1.jpg\"><img loading=\"lazy\" class=\"alignright size-medium wp-image-234\" alt=\"evakko1\" src=\"http:\/\/rouhiainen.netfinn12.info\/wp\/wp-content\/uploads\/2014\/01\/evakko1-300x177.jpg\" width=\"300\" height=\"177\" srcset=\"http:\/\/www.rouhiainen.fi\/wp\/wp-content\/uploads\/2014\/01\/evakko1-300x177.jpg 300w, http:\/\/www.rouhiainen.fi\/wp\/wp-content\/uploads\/2014\/01\/evakko1.jpg 316w\" sizes=\"(max-width: 300px) 100vw, 300px\" \/><\/a>V\u00e4est\u00f6 ja materiaalin siirto- ja majoitussuunnitelman aiheuttamat toimenpiteet aloitettiin Kaukolassa jo syyskuussa 1939. Sis\u00e4asiainministeri\u00f6 antoi tuolloin kansanhuoltolaitokselle m\u00e4\u00e4r\u00e4yksen laatia suunnitelma 3500 rajaseudun asukkaan ja n\u00e4iden omistaman materiaalin sijoittamiseksi kunnan alueelle, sek\u00e4 l\u00e4pikulkevan v\u00e4est\u00f6n muonittamiseksi Kaukolassa.<\/p>\n<p>Karjaa siirret\u00e4\u00e4n pois Kaukolasta. L\u00e4hde [K]<\/p>\n<p>Marraskuun 30. p\u00e4iv\u00e4n\u00e4 alkanut talvisota kehittyi etenkin sodan alkup\u00e4ivin\u00e4 Suomelle ep\u00e4edulliseen suuntaan, joten en\u00e4\u00e4 ei voitu ajatella v\u00e4est\u00f6n sijoittamista Kaukolaan, vaan se oli siirrett\u00e4v\u00e4 muualle Suomeen. Ruokailuasemia pidettiin koko sota-ajan Kaarlahdessa, Koverilassa, Kirkonkyl\u00e4ss\u00e4, Liinamaalla ja Ojaj\u00e4rvell\u00e4. Ojaj\u00e4rven asemalla my\u00f6s kuormattiin tavaroita, jos vain rautatievaunuja oli saatavilla.<\/p>\n<p>Rintamatilanteen kehittyess\u00e4 kriittisemm\u00e4ksi oli ryhdytt\u00e4v\u00e4 my\u00f6s Kaukolan v\u00e4est\u00f6n evakuoimistoimenpiteisiin. Ministeri\u00f6 olikin jo m\u00e4\u00e4r\u00e4nnyt kaukolaisille sijoituskunnat t\u00e4llaisen mahdollisuuden varalta.<\/p>\n<p>Jo joulukuun lopussa 1939 l\u00e4hti ensimm\u00e4inen, etup\u00e4\u00e4ss\u00e4 vanhuksia, naisia ja lapsia sek\u00e4 sairaalloisia henkil\u00f6it\u00e4 k\u00e4sitt\u00e4v\u00e4 joukko kohti sijoituskuntia. T\u00e4st\u00e4 alkoikin Kaukolan varsinainen evakuointi.<\/p>\n<p>Maaliskuun 13. p\u00e4iv\u00e4 tuli voimaan talvisodan rauha. Uusi raja erotti nyt Kaukolan muusta Suomesta. Oli ryhdytt\u00e4v\u00e4 pelastamaan mit\u00e4 en\u00e4\u00e4 pelastettavissa oli. Maantienvarsiin alkoi ilmesty\u00e4 huonekaluja, viljaakin, maanviljelyskoneita ja vaatetavaraa. T\u00e4ysin kuormattuja kuormia, el\u00e4inryhmi\u00e4 per\u00e4ss\u00e4\u00e4n, alkoi virrata uutta rajaa kohti. Talvi oli paksuluminen, uudet rajalle johtavat tiet olivat pehmeit\u00e4 ja vaikeakulkuisia, ja moni el\u00e4in v\u00e4syi matkalla ja j\u00e4i tienpuoleen.<\/p>\n<p style=\"text-align: center;\"><a href=\"http:\/\/rouhiainen.netfinn12.info\/wp\/wp-content\/uploads\/2014\/01\/kirkko_ylaosa.jpg\"><img loading=\"lazy\" class=\"size-medium wp-image-235 aligncenter\" alt=\"kirkko_ylaosa\" src=\"http:\/\/rouhiainen.netfinn12.info\/wp\/wp-content\/uploads\/2014\/01\/kirkko_ylaosa-218x300.jpg\" width=\"218\" height=\"300\" srcset=\"http:\/\/www.rouhiainen.fi\/wp\/wp-content\/uploads\/2014\/01\/kirkko_ylaosa-218x300.jpg 218w, http:\/\/www.rouhiainen.fi\/wp\/wp-content\/uploads\/2014\/01\/kirkko_ylaosa.jpg 293w\" sizes=\"(max-width: 218px) 100vw, 218px\" \/><\/a>Kaukolan kirkko<br \/>\nylin osa tuhottuna.<br \/>\nL\u00e4hde [KjaK]<\/p>\n<p>Jatkosota ja takaisinvaltaus<\/p>\n<p>Suomalaisten hy\u00f6kk\u00e4ys Laatokan Karjalan valtaamiseksi alkoi hein\u00e4kuun alkupuoliskolla. Sortavala vallattiin noin kuukauden kuluttua, mink\u00e4 j\u00e4lkeen hy\u00f6kk\u00e4ys jatkui yli vanhan rajan It\u00e4-Karjalan puolelle.<\/p>\n<p>Hy\u00f6kk\u00e4ys Karjalan kannaksen valtaamiseksi alkoi hein\u00e4kuun viimeisen\u00e4 p\u00e4iv\u00e4n\u00e4 1941. Se eteni nopeasti ja menestyksekk\u00e4\u00e4sti. Per\u00e4\u00e4ntyvien ven\u00e4l\u00e4isten pahoin polttama K\u00e4kisalmi vallattiin 21.8., ja Karjalan p\u00e4\u00e4kaupunki Viipuri noin viikkoa my\u00f6hemmin. Syyskuun alkuun menness\u00e4 oltiin jo vanhalla rajalla, joka ylitettiin hieman vain paikka paikoin edullisempien puolustusasemien saamiseksi.<\/p>\n<p>Kaukola valloitettiin 10. &#8211; 20.8.1941 v\u00e4lisen\u00e4 aikana. Kirkko menetti silloin torninsa yl\u00e4osan kun sinne sijoitettu vihollisen tykist\u00f6n tulenjohtopaikka oli tuhottava.<\/p>\n<p>Kaukolan kunnanesikunta sek\u00e4 169 puhdistus-, rakennusten korjaus- ja sadonkorjuut\u00f6ihin valittua henkil\u00f6\u00e4 l\u00e4hti kohti kotipit\u00e4j\u00e4\u00e4 tarkoitusta varten saadulla ylim\u00e4\u00e4r\u00e4isell\u00e4 junalla \u00c4ets\u00e4n asemalta 19.8.1941. Kaukolaan saavuttiin 21.8. aikaisin aamulla raunioiden viel\u00e4 savutessa Kaarlahden aseman tienoilla valtaustaistelujen j\u00e4ljilt\u00e4. Kaukolaisten varhaista liikkeellel\u00e4ht\u00f6\u00e4 todistaa mm. se, ett\u00e4 kunnanesikunta jopa vangitsi kuusi vihollissotilasta. Samaan ei mik\u00e4\u00e4n muu kunnanesikunta liene ylt\u00e4nyt.<\/p>\n<p>Paluu<\/p>\n<p>Paluulupa voitiin aluksi my\u00f6nt\u00e4\u00e4 kaikille yli 15-vuotiaille, jotka my\u00f6s saivat oikeuden ostaa kahden viikon korttiannokset etuk\u00e4teen. Isorokkorokotus oli pakollinen. Palaajat saivat vapaan rautatiematkan ja tarvittaessa tavaravaunujakin k\u00e4ytt\u00f6\u00f6ns\u00e4.<\/p>\n<p>Talvi 1941 alkoi varhain ja siit\u00e4 tuli poikkeuksellisen kylm\u00e4. Vain osa hein\u00e4sadosta saatiin korjattua, my\u00f6s rehupula jarrutti paluumuuttoa. Takaisinmuutto alkoi laajana ja kokonaiset perheet yleisemmin k\u00e4sitt\u00e4v\u00e4n\u00e4 vasta maaliskuun puoliv\u00e4liss\u00e4 1942. Kuntaan palasi toukokuuhun 1944 menness\u00e4 noin 90 % Kaukolan vuoden 1939 v\u00e4est\u00f6st\u00e4. Lukuun eiv\u00e4t sis\u00e4ltyneet rintamamiehet. Hieman korkeampaan lukuun p\u00e4\u00e4siv\u00e4t ainoastaan naapurikunta R\u00e4is\u00e4l\u00e4 ja Sortavalan kaupunki.<\/p>\n<p>Uusi l\u00e4ht\u00f6<\/p>\n<p style=\"text-align: center;\"><a href=\"http:\/\/rouhiainen.netfinn12.info\/wp\/wp-content\/uploads\/2014\/01\/evakko4.jpg\"><img loading=\"lazy\" class=\"size-medium wp-image-236 aligncenter\" alt=\"evakko4\" src=\"http:\/\/rouhiainen.netfinn12.info\/wp\/wp-content\/uploads\/2014\/01\/evakko4-294x300.jpg\" width=\"294\" height=\"300\" srcset=\"http:\/\/www.rouhiainen.fi\/wp\/wp-content\/uploads\/2014\/01\/evakko4-294x300.jpg 294w, http:\/\/www.rouhiainen.fi\/wp\/wp-content\/uploads\/2014\/01\/evakko4.jpg 440w\" sizes=\"(max-width: 294px) 100vw, 294px\" \/><\/a>Evakkotie toisen kerran edess\u00e4. L\u00e4hde [KjaK]<\/p>\n<p>Kaukolan evakuoinnista vastanneet saivat jo maaliskuussa 1944 m\u00e4\u00e4r\u00e4yksen ryhty\u00e4 kaikessa hiljaisuudessa valmistelemaan toista evakuointia. Karjalan kannaksen kansan toinen evakkovaellus alkoi kes\u00e4kuussa 1944 ven\u00e4l\u00e4isten 9.6. alkaneen suurhy\u00f6kk\u00e4yksen taukoamattoman tykkitulen s\u00e4est\u00e4m\u00e4n\u00e4. Kaukolan l\u00e4pi toinen toisensa j\u00e4lkeen kulkeneet kolonnat antoivat aavistaa omankin vuoron olevan l\u00e4hell\u00e4.<\/p>\n<p>Kaukolan evakuointik\u00e4sky tuli sotilaspiirist\u00e4 21.6. klo 6.30. Vanhukset, lapset sek\u00e4 muut karjan ja tavaroiden kuljettamisessa tarpeettomat evakuoitiin samana p\u00e4iv\u00e4n\u00e4 sotilaspiirin tarkoitusta varten l\u00e4hett\u00e4mill\u00e4 kuorma- ja linja-autoilla. Kunnan tyhjent\u00e4minen sujui nopeasti, jo kahdessa p\u00e4iv\u00e4ss\u00e4 pit\u00e4j\u00e4 oli asukkaista tyhj\u00e4, vain noin 100 evakuointiorganisaatioon kuulunutta miest\u00e4 j\u00e4i edelleen autioksi muuttuneeseen Kaukolaan.<\/p>\n<p>Kes\u00e4kuun lopussa vihollisen eteneminen pys\u00e4htyi ja rintamalinja vakaantui. N\u00e4ytti silt\u00e4, ett\u00e4 Kaukolaan j\u00e4\u00e4nyt omaisuus voitaisiin pelastaa, mutta siell\u00e4 olleet evakuointiorganisaation miehet eiv\u00e4t siihen riitt\u00e4neet. Her\u00e4si ajatus ty\u00f6kuntoisen v\u00e4en takaisin kutsumisesta sadonkorjuu- ja evakuointiteht\u00e4viin. Yli 16-vuotiaille kaukolaisillekin tarjoutui silloin tilaisuus osallistua tuiki t\u00e4rkeisiin kotipit\u00e4j\u00e4n sadonkorjuut\u00f6ihin. Osaksi m\u00e4\u00e4r\u00e4ysten nojalla ja osaksi vapaaehtoisuuteen perustuen Kaukolaan palasi usean sadan henkil\u00f6n ty\u00f6voima, jonka avulla l\u00e4hes koko kunnan viljasato kyettiin korjaamaan ja evakuoimaan.<\/p>\n<p>Syyskuun 23. p\u00e4iv\u00e4n\u00e4 1944 klo 23.00 l\u00e4htiv\u00e4t viimeiset kaukolaiset kotipit\u00e4j\u00e4st\u00e4\u00e4n kuorma-autolla kohti uusia asuinsijoja ja uusia kohtaloita.<\/p>\n<p>Hyv\u00e4 sukulainen!<\/p>\n<p>Mik\u00e4li Sinulla on tietoa perheesi tai sukuhaarasi evakkotaipaleesta, jaathan sen meid\u00e4n muiden kanssa. Kiitos!<\/p>\n<p>Katri Rouhiainen<br \/>\n24.2.2000<br \/>\nTampere<\/p>\n","protected":false},"excerpt":{"rendered":"<p>Johdanto Rouhiaiset joutuivat j\u00e4tt\u00e4m\u00e4\u00e4n Kaukolan maaliskuussa 1940. Osa suvusta palasi takaisin syksyll\u00e4 1941, kun alue oli palautunut suomalaisille jatkosodan hy\u00f6kk\u00e4ysvaiheessa. Uusi l\u00e4ht\u00f6 tuli sitten kes\u00e4kuun 21. p\u00e4iv\u00e4 1944. Viimeiset l\u00e4htij\u00e4t j\u00e4ttiv\u00e4t Kaukolan 21. syyskuuta 1944. Talvisota ja evakuointi V\u00e4est\u00f6 ja materiaalin siirto- ja majoitussuunnitelman aiheuttamat toimenpiteet aloitettiin Kaukolassa jo syyskuussa 1939. Sis\u00e4asiainministeri\u00f6 antoi tuolloin kansanhuoltolaitokselle<\/p>\n","protected":false},"author":1,"featured_media":0,"parent":0,"menu_order":0,"comment_status":"closed","ping_status":"open","template":"","meta":[],"_links":{"self":[{"href":"http:\/\/www.rouhiainen.fi\/index.php?rest_route=\/wp\/v2\/pages\/233"}],"collection":[{"href":"http:\/\/www.rouhiainen.fi\/index.php?rest_route=\/wp\/v2\/pages"}],"about":[{"href":"http:\/\/www.rouhiainen.fi\/index.php?rest_route=\/wp\/v2\/types\/page"}],"author":[{"embeddable":true,"href":"http:\/\/www.rouhiainen.fi\/index.php?rest_route=\/wp\/v2\/users\/1"}],"replies":[{"embeddable":true,"href":"http:\/\/www.rouhiainen.fi\/index.php?rest_route=%2Fwp%2Fv2%2Fcomments&post=233"}],"version-history":[{"count":1,"href":"http:\/\/www.rouhiainen.fi\/index.php?rest_route=\/wp\/v2\/pages\/233\/revisions"}],"predecessor-version":[{"id":237,"href":"http:\/\/www.rouhiainen.fi\/index.php?rest_route=\/wp\/v2\/pages\/233\/revisions\/237"}],"wp:attachment":[{"href":"http:\/\/www.rouhiainen.fi\/index.php?rest_route=%2Fwp%2Fv2%2Fmedia&parent=233"}],"curies":[{"name":"wp","href":"https:\/\/api.w.org\/{rel}","templated":true}]}}