{"id":26,"date":"2014-01-16T19:00:48","date_gmt":"2014-01-16T19:00:48","guid":{"rendered":"http:\/\/rouhiainen.netfinn12.info\/wp\/?page_id=26"},"modified":"2016-02-27T11:09:53","modified_gmt":"2016-02-27T11:09:53","slug":"toimihenkilot","status":"publish","type":"page","link":"http:\/\/www.rouhiainen.fi\/?page_id=26","title":{"rendered":"Toimihenkil\u00f6t"},"content":{"rendered":"<p>Esimies Lea Koponen<br \/>\nVaraesimies Jukka Rouhiainen<br \/>\nSihteeri Katri Rouhiainen<br \/>\nHallituksen j\u00e4senet:<br \/>\nReijo Rouhiainen<br \/>\nEero Rouhiainen<br \/>\nVeikko Rouhiainen<br \/>\nSeppo Rouhiainen<br \/>\nTaloudenhoitaja Eila Haavisto<\/p>\n<p>J\u00e4senasioita hoitaa sihteeri.<\/p>\n<p>Hallituksen j\u00e4senet vuosien varrella<\/p>\n<p>Veikko 1987-1991, 1992-1994, 1995-1997 Esimies 1987-1994<br \/>\nVuokko 1987-1991, 1992-1994 Varaesimies 1993<br \/>\nReijo 1987-1990, 1991-1993, 1994-1996 Varaesimies 1995<br \/>\nSeppo 1987-1990, 1991-1993, 1994-1996, 1997-1999<br \/>\nErkki 1987-1989, 1990-1992, 1993-1995 Varaesimies 1987-1992<br \/>\nKalevi 1987-1989, 1990-1992<br \/>\nAnna-Maija 1993-1995, 1996-1998<br \/>\nTapio 1994-1997 Varaesimies 1994, esimies 1995<br \/>\nEero 1996-1998<br \/>\nAarre 1996-1998<\/p>\n","protected":false},"excerpt":{"rendered":"<p>Esimies Lea Koponen Varaesimies Jukka Rouhiainen Sihteeri Katri Rouhiainen Hallituksen j\u00e4senet: Reijo Rouhiainen Eero Rouhiainen Veikko Rouhiainen Seppo Rouhiainen Taloudenhoitaja Eila Haavisto J\u00e4senasioita hoitaa sihteeri. Hallituksen j\u00e4senet vuosien varrella Veikko 1987-1991, 1992-1994, 1995-1997 Esimies 1987-1994 Vuokko 1987-1991, 1992-1994 Varaesimies 1993 Reijo 1987-1990, 1991-1993, 1994-1996 Varaesimies 1995 Seppo 1987-1990, 1991-1993, 1994-1996, 1997-1999 Erkki 1987-1989, 1990-1992, 1993-1995<\/p>\n","protected":false},"author":1,"featured_media":0,"parent":0,"menu_order":0,"comment_status":"closed","ping_status":"open","template":"","meta":[],"_links":{"self":[{"href":"http:\/\/www.rouhiainen.fi\/index.php?rest_route=\/wp\/v2\/pages\/26"}],"collection":[{"href":"http:\/\/www.rouhiainen.fi\/index.php?rest_route=\/wp\/v2\/pages"}],"about":[{"href":"http:\/\/www.rouhiainen.fi\/index.php?rest_route=\/wp\/v2\/types\/page"}],"author":[{"embeddable":true,"href":"http:\/\/www.rouhiainen.fi\/index.php?rest_route=\/wp\/v2\/users\/1"}],"replies":[{"embeddable":true,"href":"http:\/\/www.rouhiainen.fi\/index.php?rest_route=%2Fwp%2Fv2%2Fcomments&post=26"}],"version-history":[{"count":3,"href":"http:\/\/www.rouhiainen.fi\/index.php?rest_route=\/wp\/v2\/pages\/26\/revisions"}],"predecessor-version":[{"id":630,"href":"http:\/\/www.rouhiainen.fi\/index.php?rest_route=\/wp\/v2\/pages\/26\/revisions\/630"}],"wp:attachment":[{"href":"http:\/\/www.rouhiainen.fi\/index.php?rest_route=%2Fwp%2Fv2%2Fmedia&parent=26"}],"curies":[{"name":"wp","href":"https:\/\/api.w.org\/{rel}","templated":true}]}}