{"id":269,"date":"2014-01-17T12:30:23","date_gmt":"2014-01-17T12:30:23","guid":{"rendered":"http:\/\/rouhiainen.netfinn12.info\/wp\/?page_id=269"},"modified":"2016-02-27T11:09:53","modified_gmt":"2016-02-27T11:09:53","slug":"rouhiainen-nimena","status":"publish","type":"page","link":"http:\/\/www.rouhiainen.fi\/?page_id=269","title":{"rendered":"Rouhiainen nimen\u00e4"},"content":{"rendered":"<p>V\u00e4est\u00f6rekisterikeskuksen mukaan Rouhiainen on nykyisen\u00e4 nimen\u00e4 1390 henkil\u00f6ll\u00e4, 673 miehell\u00e4 ja 717 naisella (tilanne 18.5.2002). Tarkempi jaottelu l\u00f6ytyy alla olevasta taulukosta.<\/p>\n<table border=\"1\">\n<tbody>\n<tr>\n<td><b>Rouhiainen<\/b><\/td>\n<td>Lkm<\/td>\n<td>Miehet<\/td>\n<td>Naiset<\/td>\n<td>Suomessa<\/td>\n<td>Ulkomailla<\/td>\n<\/tr>\n<tr>\n<td>Nykyisen\u00e4 nimen\u00e4<\/td>\n<td>1390<\/td>\n<td>673<\/td>\n<td>717<\/td>\n<td>1302<\/td>\n<td>88<\/td>\n<\/tr>\n<tr>\n<td>Entisen\u00e4 nimen\u00e4<\/td>\n<td>488<\/td>\n<td>27<\/td>\n<td>461<\/td>\n<td>466<\/td>\n<td>22<\/td>\n<\/tr>\n<tr>\n<td>Kuolleilla<\/td>\n<td>620<\/td>\n<td>261<\/td>\n<td>359<\/td>\n<td>594<\/td>\n<td>26<\/td>\n<\/tr>\n<tr>\n<td>Yhteens\u00e4<\/td>\n<td>2498<\/td>\n<td>961<\/td>\n<td>1537<\/td>\n<td>2362<\/td>\n<td>136<\/td>\n<\/tr>\n<\/tbody>\n<\/table>\n<p>P\u00e4ivitetyt tiedot voi k\u00e4yd\u00e4 katsomassa v\u00e4est\u00f6rekisterikeskuksen sivuilta: <a href=\"https:\/\/192.49.222.187\/nimipalvelu\/defaul.asp\"> https:\/\/192.49.222.187\/nimipalvelu\/defaul.asp<\/a><\/p>\n<hr \/>\n<p><b>ROUHIAINEN<\/b> (1316)<br \/>\nNimi on ollut vanhastaa yleinen Savossa ja Karjalassa. Siit\u00e4 on 1500-luvun puolimaista tietoja mm. J\u00e4\u00e4skest\u00e4 (hen rouhia eli Henn rouhiainen 1552, Rouhialaby 1557), Viipurin pit\u00e4j\u00e4st\u00e4, K\u00e4kisalmesta, Savosta Rantasalmelta (Juntti rouhian 1547), S\u00e4\u00e4mingist\u00e4 ja Tavinsalmelta. Kalajoen Haapaj\u00e4rvelt\u00e4 on kirjattu 1568 Lasse Rowhainen. 1600-luvun alkupuolella esiintyy nimi R\u00e4is\u00e4l\u00e4n, Vpl:n Pyh\u00e4j\u00e4rven, Uukuniemen, Parikkalan, Sortavalan, Liperin ja Kiteen maa- ja henkikirjoissa. Taipalsaaren <i>Ruohialassa<\/i> mainitaan 1540-luvulla sukunime\u00e4 <i>Ruohi(ainen)<\/i>. Nimen sis\u00e4ll\u00f6st\u00e4 ei ole varmaa tietoa. Sit\u00e4 on pidetty tekij\u00e4nnimest\u00e4 syntyneen\u00e4 (<i>rouhija<\/i> &lt; <i>rouhia<\/i> &#8216;survoa, hakata pieniksi palasiksi, jauhattaa&#8217;; mm. Nissil\u00e4 1975, Lopmeri 1947). Ilmeisesti se on kuitenkin hyvin vanha ja saattaa liitty\u00e4 l\u00e4ntisiin <i>Rouhu<\/i>-nimiin, esim. Hendrick Rouhu 1501 Vesilahti, Henric Rowhust 1537 (Taivassalon Rouhusta), Heikki Rouhu 1500-luvun puolimaissa ja Mattz Rouhu 1719 Mouhij\u00e4rvell\u00e4. Vrt. my\u00f6s nime\u00e4 -&gt;<b>Roukala<\/b>(Roukala: Keskipohjalainen nimi, tunnettu vanhastaan talonnimen\u00e4 mm. Lohtajalla ja Kalajoella). Meill\u00e4 esiintyv\u00e4t sukunimin\u00e4 my\u00f6s <i>Rohunen<\/i> (36), <i>Rouhu<\/i> (18) ja <i>Rouhola<\/i> (12).<\/p>\n<p>Kustaa Vilkuna et al.: Uusi suomalainen nimikirja, 1988.<br \/>\nISBN: 951-1-08948-X<\/p>\n","protected":false},"excerpt":{"rendered":"<p>V\u00e4est\u00f6rekisterikeskuksen mukaan Rouhiainen on nykyisen\u00e4 nimen\u00e4 1390 henkil\u00f6ll\u00e4, 673 miehell\u00e4 ja 717 naisella (tilanne 18.5.2002). Tarkempi jaottelu l\u00f6ytyy alla olevasta taulukosta. Rouhiainen Lkm Miehet Naiset Suomessa Ulkomailla Nykyisen\u00e4 nimen\u00e4 1390 673 717 1302 88 Entisen\u00e4 nimen\u00e4 488 27 461 466 22 Kuolleilla 620 261 359 594 26 Yhteens\u00e4 2498 961 1537 2362 136 P\u00e4ivitetyt tiedot<\/p>\n","protected":false},"author":1,"featured_media":0,"parent":0,"menu_order":0,"comment_status":"closed","ping_status":"open","template":"","meta":[],"_links":{"self":[{"href":"http:\/\/www.rouhiainen.fi\/index.php?rest_route=\/wp\/v2\/pages\/269"}],"collection":[{"href":"http:\/\/www.rouhiainen.fi\/index.php?rest_route=\/wp\/v2\/pages"}],"about":[{"href":"http:\/\/www.rouhiainen.fi\/index.php?rest_route=\/wp\/v2\/types\/page"}],"author":[{"embeddable":true,"href":"http:\/\/www.rouhiainen.fi\/index.php?rest_route=\/wp\/v2\/users\/1"}],"replies":[{"embeddable":true,"href":"http:\/\/www.rouhiainen.fi\/index.php?rest_route=%2Fwp%2Fv2%2Fcomments&post=269"}],"version-history":[{"count":1,"href":"http:\/\/www.rouhiainen.fi\/index.php?rest_route=\/wp\/v2\/pages\/269\/revisions"}],"predecessor-version":[{"id":270,"href":"http:\/\/www.rouhiainen.fi\/index.php?rest_route=\/wp\/v2\/pages\/269\/revisions\/270"}],"wp:attachment":[{"href":"http:\/\/www.rouhiainen.fi\/index.php?rest_route=%2Fwp%2Fv2%2Fmedia&parent=269"}],"curies":[{"name":"wp","href":"https:\/\/api.w.org\/{rel}","templated":true}]}}