{"id":427,"date":"1986-12-17T14:58:08","date_gmt":"1986-12-17T14:58:08","guid":{"rendered":"http:\/\/rouhiainen.netfinn12.info\/wp\/?page_id=427"},"modified":"2016-02-27T11:09:53","modified_gmt":"2016-02-27T11:09:53","slug":"sukuseuran-perustaminen","status":"publish","type":"page","link":"http:\/\/www.rouhiainen.fi\/?page_id=427","title":{"rendered":"Sukuseuran perustaminen"},"content":{"rendered":"<p>Sukuseuran perustaminen 1986<\/p>\n<p>Sukuseuran perustamisesta p\u00e4\u00e4tt\u00e4v\u00e4 kokous pidettiin hein\u00e4kuussa 1986 Ruovedell\u00e4 Pekkalassa Kauko Rouhiaisen tilalla. Paikalla oli 33 Rouhiaisen sukuun kuuluvaa. Kokouksessa nimitettiin toimikunta, joka Veikko Rouhiaisen kokoon kutsumana valmistelisi sukuseuran perustamista sek\u00e4 edelleen kutsuisi kokoon perustavan kokouksen. Kuvia kes\u00e4iselt\u00e4 takapihalta.<\/p>\n<p><a href=\"http:\/\/rouhiainen.netfinn12.info\/wp\/wp-content\/uploads\/2014\/01\/kokous86_1.jpg\"><img loading=\"lazy\" class=\"aligncenter size-medium wp-image-428\" alt=\"kokous86_1\" src=\"http:\/\/rouhiainen.netfinn12.info\/wp\/wp-content\/uploads\/2014\/01\/kokous86_1-300x208.jpg\" width=\"300\" height=\"208\" srcset=\"http:\/\/www.rouhiainen.fi\/wp\/wp-content\/uploads\/2014\/01\/kokous86_1-300x208.jpg 300w, http:\/\/www.rouhiainen.fi\/wp\/wp-content\/uploads\/2014\/01\/kokous86_1.jpg 344w\" sizes=\"(max-width: 300px) 100vw, 300px\" \/><\/a>Kuvassa vasemmalta: Kauko (selin kameraan), Maija Piiroinen, Arvi, Tauno, V\u00e4in\u00f6 Ruotsi, Heikki, Aarne, Ossi, ?, ?, Taneli.<\/p>\n<p><a href=\"http:\/\/rouhiainen.netfinn12.info\/wp\/wp-content\/uploads\/2014\/01\/kokous86_2.jpg\"><img loading=\"lazy\" class=\"aligncenter size-medium wp-image-429\" alt=\"kokous86_2\" src=\"http:\/\/rouhiainen.netfinn12.info\/wp\/wp-content\/uploads\/2014\/01\/kokous86_2-300x209.jpg\" width=\"300\" height=\"209\" srcset=\"http:\/\/www.rouhiainen.fi\/wp\/wp-content\/uploads\/2014\/01\/kokous86_2-300x209.jpg 300w, http:\/\/www.rouhiainen.fi\/wp\/wp-content\/uploads\/2014\/01\/kokous86_2.jpg 344w\" sizes=\"(max-width: 300px) 100vw, 300px\" \/><\/a>Kuvassa vasemmalta: ?, ?, ?, Maija Piiroinen, Arvi, Satu, Tauno, V\u00e4in\u00f6 Ruotsi, Heikki, Aarne, Ossi ja Teuvo<\/p>\n<p><a href=\"http:\/\/rouhiainen.netfinn12.info\/wp\/wp-content\/uploads\/2014\/01\/kokous86_3.jpg\"><img loading=\"lazy\" class=\"aligncenter size-medium wp-image-430\" alt=\"kokous86_3\" src=\"http:\/\/rouhiainen.netfinn12.info\/wp\/wp-content\/uploads\/2014\/01\/kokous86_3-300x210.jpg\" width=\"300\" height=\"210\" srcset=\"http:\/\/www.rouhiainen.fi\/wp\/wp-content\/uploads\/2014\/01\/kokous86_3-300x210.jpg 300w, http:\/\/www.rouhiainen.fi\/wp\/wp-content\/uploads\/2014\/01\/kokous86_3.jpg 342w\" sizes=\"(max-width: 300px) 100vw, 300px\" \/><\/a>Kuvassa vasemmalta: Teuvo, Jalmari, Taneli, Matti, Aili Ruotsi, Einari, ?, Tapio.<\/p>\n<p><a href=\"http:\/\/rouhiainen.netfinn12.info\/wp\/wp-content\/uploads\/2014\/01\/kokous86_4.jpg\"><img loading=\"lazy\" class=\"aligncenter size-medium wp-image-431\" alt=\"kokous86_4\" src=\"http:\/\/rouhiainen.netfinn12.info\/wp\/wp-content\/uploads\/2014\/01\/kokous86_4-300x208.jpg\" width=\"300\" height=\"208\" srcset=\"http:\/\/www.rouhiainen.fi\/wp\/wp-content\/uploads\/2014\/01\/kokous86_4-300x208.jpg 300w, http:\/\/www.rouhiainen.fi\/wp\/wp-content\/uploads\/2014\/01\/kokous86_4.jpg 344w\" sizes=\"(max-width: 300px) 100vw, 300px\" \/><\/a>Oikealta alhaalta l\u00e4htien my\u00f6t\u00e4p\u00e4iv\u00e4\u00e4n: Aili (osa), Einari, Sirkka, Tapio, ?, Kauko, Erkki, Veikko, Aino Eevi, Maija Piiroinen, Arvi.<\/p>\n<p><a href=\"http:\/\/rouhiainen.netfinn12.info\/wp\/wp-content\/uploads\/2014\/01\/kokous86_ryhma1.jpg\"><img loading=\"lazy\" class=\"aligncenter size-medium wp-image-432\" alt=\"kokous86_ryhma1\" src=\"http:\/\/rouhiainen.netfinn12.info\/wp\/wp-content\/uploads\/2014\/01\/kokous86_ryhma1-300x209.jpg\" width=\"300\" height=\"209\" srcset=\"http:\/\/www.rouhiainen.fi\/wp\/wp-content\/uploads\/2014\/01\/kokous86_ryhma1-300x209.jpg 300w, http:\/\/www.rouhiainen.fi\/wp\/wp-content\/uploads\/2014\/01\/kokous86_ryhma1.jpg 344w\" sizes=\"(max-width: 300px) 100vw, 300px\" \/><\/a>Kuvassa vasemmalta l\u00e4htien:<br \/>\nOnni, Maija Piiroinen, Heikki, Aarne, Tauno, Sirkka, Ossi, Kauko, Arvi, Elli, Aino Eevi, Teuvo, Kari-Matti, Helli, Helmi, Satu, Aino-mummo, Jalmari, Jari, Eila, Onni, Matti, Aulis, Mirja, Aili Ruotsi, V\u00e4in\u00f6 Ruotsi, Einari, Veikko, Tapio<\/p>\n<p><a href=\"http:\/\/rouhiainen.netfinn12.info\/wp\/wp-content\/uploads\/2014\/01\/kokous86_ryhma2.jpg\"><img loading=\"lazy\" class=\"aligncenter size-medium wp-image-434\" alt=\"kokous86_ryhma2\" src=\"http:\/\/rouhiainen.netfinn12.info\/wp\/wp-content\/uploads\/2014\/01\/kokous86_ryhma2-300x209.jpg\" width=\"300\" height=\"209\" srcset=\"http:\/\/www.rouhiainen.fi\/wp\/wp-content\/uploads\/2014\/01\/kokous86_ryhma2-300x209.jpg 300w, http:\/\/www.rouhiainen.fi\/wp\/wp-content\/uploads\/2014\/01\/kokous86_ryhma2.jpg 342w\" sizes=\"(max-width: 300px) 100vw, 300px\" \/><\/a>Yl\u00e4riviss\u00e4 vasemmalta: Taneli, Einari, Jalmari, Onni, Matti<br \/>\nAlarivissa vasemmalta: Tauno, Arvi, Aili, Aarne<\/p>\n","protected":false},"excerpt":{"rendered":"<p>Sukuseuran perustaminen 1986 Sukuseuran perustamisesta p\u00e4\u00e4tt\u00e4v\u00e4 kokous pidettiin hein\u00e4kuussa 1986 Ruovedell\u00e4 Pekkalassa Kauko Rouhiaisen tilalla. Paikalla oli 33 Rouhiaisen sukuun kuuluvaa. Kokouksessa nimitettiin toimikunta, joka Veikko Rouhiaisen kokoon kutsumana valmistelisi sukuseuran perustamista sek\u00e4 edelleen kutsuisi kokoon perustavan kokouksen. Kuvia kes\u00e4iselt\u00e4 takapihalta. Kuvassa vasemmalta: Kauko (selin kameraan), Maija Piiroinen, Arvi, Tauno, V\u00e4in\u00f6 Ruotsi, Heikki, Aarne, Ossi,<\/p>\n","protected":false},"author":1,"featured_media":0,"parent":0,"menu_order":0,"comment_status":"closed","ping_status":"open","template":"","meta":[],"_links":{"self":[{"href":"http:\/\/www.rouhiainen.fi\/index.php?rest_route=\/wp\/v2\/pages\/427"}],"collection":[{"href":"http:\/\/www.rouhiainen.fi\/index.php?rest_route=\/wp\/v2\/pages"}],"about":[{"href":"http:\/\/www.rouhiainen.fi\/index.php?rest_route=\/wp\/v2\/types\/page"}],"author":[{"embeddable":true,"href":"http:\/\/www.rouhiainen.fi\/index.php?rest_route=\/wp\/v2\/users\/1"}],"replies":[{"embeddable":true,"href":"http:\/\/www.rouhiainen.fi\/index.php?rest_route=%2Fwp%2Fv2%2Fcomments&post=427"}],"version-history":[{"count":2,"href":"http:\/\/www.rouhiainen.fi\/index.php?rest_route=\/wp\/v2\/pages\/427\/revisions"}],"predecessor-version":[{"id":435,"href":"http:\/\/www.rouhiainen.fi\/index.php?rest_route=\/wp\/v2\/pages\/427\/revisions\/435"}],"wp:attachment":[{"href":"http:\/\/www.rouhiainen.fi\/index.php?rest_route=%2Fwp%2Fv2%2Fmedia&parent=427"}],"curies":[{"name":"wp","href":"https:\/\/api.w.org\/{rel}","templated":true}]}}