{"id":6,"date":"2014-01-16T18:23:12","date_gmt":"2014-01-16T18:23:12","guid":{"rendered":"http:\/\/rouhiainen.netfinn12.info\/wp\/?page_id=6"},"modified":"2016-02-27T11:09:53","modified_gmt":"2016-02-27T11:09:53","slug":"yhdistys","status":"publish","type":"page","link":"http:\/\/www.rouhiainen.fi\/?page_id=6","title":{"rendered":"Yhdistys"},"content":{"rendered":"<p>Rouhiaisen sukuseura ry on vuonna 1986 perustettu yhdistys, jonka tarkoituksena on selvitt\u00e4\u00e4 suvun vaiheita ja historiaa, vaalia suvun perinteit\u00e4 ja edist\u00e4\u00e4 yhteenkuuluvuuden tunnetta j\u00e4seniens\u00e4 keskuudessa.<\/p>\n","protected":false},"excerpt":{"rendered":"<p>Rouhiaisen sukuseura ry on vuonna 1986 perustettu yhdistys, jonka tarkoituksena on selvitt\u00e4\u00e4 suvun vaiheita ja historiaa, vaalia suvun perinteit\u00e4 ja edist\u00e4\u00e4 yhteenkuuluvuuden tunnetta j\u00e4seniens\u00e4 keskuudessa.<\/p>\n","protected":false},"author":1,"featured_media":0,"parent":0,"menu_order":0,"comment_status":"closed","ping_status":"open","template":"","meta":[],"_links":{"self":[{"href":"http:\/\/www.rouhiainen.fi\/index.php?rest_route=\/wp\/v2\/pages\/6"}],"collection":[{"href":"http:\/\/www.rouhiainen.fi\/index.php?rest_route=\/wp\/v2\/pages"}],"about":[{"href":"http:\/\/www.rouhiainen.fi\/index.php?rest_route=\/wp\/v2\/types\/page"}],"author":[{"embeddable":true,"href":"http:\/\/www.rouhiainen.fi\/index.php?rest_route=\/wp\/v2\/users\/1"}],"replies":[{"embeddable":true,"href":"http:\/\/www.rouhiainen.fi\/index.php?rest_route=%2Fwp%2Fv2%2Fcomments&post=6"}],"version-history":[{"count":1,"href":"http:\/\/www.rouhiainen.fi\/index.php?rest_route=\/wp\/v2\/pages\/6\/revisions"}],"predecessor-version":[{"id":7,"href":"http:\/\/www.rouhiainen.fi\/index.php?rest_route=\/wp\/v2\/pages\/6\/revisions\/7"}],"wp:attachment":[{"href":"http:\/\/www.rouhiainen.fi\/index.php?rest_route=%2Fwp%2Fv2%2Fmedia&parent=6"}],"curies":[{"name":"wp","href":"https:\/\/api.w.org\/{rel}","templated":true}]}}