{"id":2,"date":"2014-01-16T17:57:39","date_gmt":"2014-01-16T17:57:39","guid":{"rendered":"http:\/\/rouhiainen.netfinn12.info\/wp\/?page_id=2"},"modified":"2016-02-27T11:09:53","modified_gmt":"2016-02-27T11:09:53","slug":"sample-page","status":"publish","type":"page","link":"https:\/\/www.rouhiainen.fi\/","title":{"rendered":"Etusivu"},"content":{"rendered":"\t\t\t\t  <div class=\"custom-slider\"> \r\n\t\t\t\t\t  <div id=\"orbit-inside\">\r\n\t \r\n\t\t\t\t\t\t  <img class=\"orbit-slide\" src=\"https:\/\/www.rouhiainen.fi\/wp\/wp-content\/uploads\/2014\/01\/Kuva01-114.jpg\"data-caption=\"#slide-467\"data-thumb=\"https:\/\/www.rouhiainen.fi\/wp\/wp-content\/uploads\/2014\/01\/Kuva01-114-100x83.jpg\" \/><img class=\"orbit-slide\" src=\"https:\/\/www.rouhiainen.fi\/wp\/wp-content\/uploads\/2014\/01\/Kuva01-080.jpg\"data-caption=\"#slide-469\"data-thumb=\"https:\/\/www.rouhiainen.fi\/wp\/wp-content\/uploads\/2014\/01\/Kuva01-080-100x83.jpg\" \/>\t\t\t\t  \r\n\t\t\t  \r\n\t\t\t\t\t  <\/div><!-- #orbit-inside -->\r\n\t\t\t\t\t\t  <span class=\"orbit-caption\" id=\"slide-467\">Rouhiaisen sukuseura ry<\/span><span class=\"orbit-caption\" id=\"slide-469\">Kaukolan Rouhiaiset.<\/span>                              \r\n\t\t\t\t  <\/div><!-- .custom-slider -->\r\n\t\t\t\t\t\r\n\t\t\t  \n<p><strong>Tervetuloa Rouhiaisen sukuseura ry:n sivuille<\/strong><\/p>\n<p>Rouhiaisen sukuseura ry:n tarkoituksena on selvitt\u00e4\u00e4 suvun vaiheita ja historiaa, vaalia suvun perinteit\u00e4 ja edist\u00e4\u00e4 yhteenkuuluvuuden tunnetta j\u00e4seniens\u00e4 keskuudessa.<\/p>\n<p>Sukuseura perusti www-sivut ensimm\u00e4isen kerran vuonna 1999 ja varsinkin alkuvuosina materiaalia ker\u00e4ttiin paljon. Sivustosta on tullut laaja ja se on keskittynyt enemm\u00e4n suvun Kaukola-aikoihin ja evakkoaikaan, mutta v\u00e4hitellen pyrimme lis\u00e4\u00e4m\u00e4\u00e4n materiaalia my\u00f6s evakkotien j\u00e4lkeisist\u00e4 ajoista. Kannattaa erityisesti vilkaista sivustoa juttupankki, johon ker\u00e4t\u00e4\u00e4n erillisi\u00e4 juttuja suvun tapahtumista ja historiasta.<\/p>\n<p>Tervetuloa sivuille!<\/p>\n","protected":false},"excerpt":{"rendered":"<p>Tervetuloa Rouhiaisen sukuseura ry:n sivuille Rouhiaisen sukuseura ry:n tarkoituksena on selvitt\u00e4\u00e4 suvun vaiheita ja historiaa, vaalia suvun perinteit\u00e4 ja edist\u00e4\u00e4 yhteenkuuluvuuden tunnetta j\u00e4seniens\u00e4 keskuudessa. Sukuseura perusti www-sivut ensimm\u00e4isen kerran vuonna 1999 ja varsinkin alkuvuosina materiaalia ker\u00e4ttiin paljon. Sivustosta on tullut laaja ja se on keskittynyt enemm\u00e4n suvun Kaukola-aikoihin ja evakkoaikaan, mutta v\u00e4hitellen pyrimme lis\u00e4\u00e4m\u00e4\u00e4n materiaalia<\/p>\n","protected":false},"author":1,"featured_media":0,"parent":0,"menu_order":0,"comment_status":"closed","ping_status":"open","template":"","meta":[],"_links":{"self":[{"href":"https:\/\/www.rouhiainen.fi\/index.php?rest_route=\/wp\/v2\/pages\/2"}],"collection":[{"href":"https:\/\/www.rouhiainen.fi\/index.php?rest_route=\/wp\/v2\/pages"}],"about":[{"href":"https:\/\/www.rouhiainen.fi\/index.php?rest_route=\/wp\/v2\/types\/page"}],"author":[{"embeddable":true,"href":"https:\/\/www.rouhiainen.fi\/index.php?rest_route=\/wp\/v2\/users\/1"}],"replies":[{"embeddable":true,"href":"https:\/\/www.rouhiainen.fi\/index.php?rest_route=%2Fwp%2Fv2%2Fcomments&post=2"}],"version-history":[{"count":8,"href":"https:\/\/www.rouhiainen.fi\/index.php?rest_route=\/wp\/v2\/pages\/2\/revisions"}],"predecessor-version":[{"id":610,"href":"https:\/\/www.rouhiainen.fi\/index.php?rest_route=\/wp\/v2\/pages\/2\/revisions\/610"}],"wp:attachment":[{"href":"https:\/\/www.rouhiainen.fi\/index.php?rest_route=%2Fwp%2Fv2%2Fmedia&parent=2"}],"curies":[{"name":"wp","href":"https:\/\/api.w.org\/{rel}","templated":true}]}}