{"id":231,"date":"2014-01-17T11:12:58","date_gmt":"2014-01-17T11:12:58","guid":{"rendered":"http:\/\/rouhiainen.netfinn12.info\/wp\/?page_id=231"},"modified":"2016-02-27T11:09:53","modified_gmt":"2016-02-27T11:09:53","slug":"evakkotie-2","status":"publish","type":"page","link":"https:\/\/www.rouhiainen.fi\/?page_id=231","title":{"rendered":"Evakkotie"},"content":{"rendered":"<p>Rouhiaiset joutuivat j\u00e4tt\u00e4m\u00e4\u00e4n Kaukolan maaliskuussa 1940. Osa suvusta palasi takaisin syksyll\u00e4 1941, kun alue oli palautunut suomalaisille jatkosodan hy\u00f6kk\u00e4ysvaiheessa. Uusi l\u00e4ht\u00f6 tuli sitten kes\u00e4kuun 21. p\u00e4iv\u00e4 1944. Viimeiset l\u00e4htij\u00e4t j\u00e4ttiv\u00e4t Kaukolan 21. syyskuuta 1944. <\/p>\n","protected":false},"excerpt":{"rendered":"<p>Rouhiaiset joutuivat j\u00e4tt\u00e4m\u00e4\u00e4n Kaukolan maaliskuussa 1940. Osa suvusta palasi takaisin syksyll\u00e4 1941, kun alue oli palautunut suomalaisille jatkosodan hy\u00f6kk\u00e4ysvaiheessa. Uusi l\u00e4ht\u00f6 tuli sitten kes\u00e4kuun 21. p\u00e4iv\u00e4 1944. Viimeiset l\u00e4htij\u00e4t j\u00e4ttiv\u00e4t Kaukolan 21. syyskuuta 1944.<\/p>\n","protected":false},"author":1,"featured_media":0,"parent":0,"menu_order":0,"comment_status":"closed","ping_status":"open","template":"","meta":[],"_links":{"self":[{"href":"https:\/\/www.rouhiainen.fi\/index.php?rest_route=\/wp\/v2\/pages\/231"}],"collection":[{"href":"https:\/\/www.rouhiainen.fi\/index.php?rest_route=\/wp\/v2\/pages"}],"about":[{"href":"https:\/\/www.rouhiainen.fi\/index.php?rest_route=\/wp\/v2\/types\/page"}],"author":[{"embeddable":true,"href":"https:\/\/www.rouhiainen.fi\/index.php?rest_route=\/wp\/v2\/users\/1"}],"replies":[{"embeddable":true,"href":"https:\/\/www.rouhiainen.fi\/index.php?rest_route=%2Fwp%2Fv2%2Fcomments&post=231"}],"version-history":[{"count":1,"href":"https:\/\/www.rouhiainen.fi\/index.php?rest_route=\/wp\/v2\/pages\/231\/revisions"}],"predecessor-version":[{"id":232,"href":"https:\/\/www.rouhiainen.fi\/index.php?rest_route=\/wp\/v2\/pages\/231\/revisions\/232"}],"wp:attachment":[{"href":"https:\/\/www.rouhiainen.fi\/index.php?rest_route=%2Fwp%2Fv2%2Fmedia&parent=231"}],"curies":[{"name":"wp","href":"https:\/\/api.w.org\/{rel}","templated":true}]}}